{"id":3,"date":"2019-09-16T22:47:19","date_gmt":"2019-09-16T22:47:19","guid":{"rendered":"http:\/\/stadtteilgespraech-roderbruch.de\/homepage\/?page_id=3"},"modified":"2023-06-08T17:51:28","modified_gmt":"2023-06-08T15:51:28","slug":"ueber-uns","status":"publish","type":"page","link":"https:\/\/stadtteilgespraech-roderbruch.de\/homepage\/ueber-uns\/","title":{"rendered":"\u00dcber uns"},"content":{"rendered":"\r\n<h2 class=\"wp-block-heading\">Stadtteilgespr\u00e4ch<\/h2>\r\n\r\n\r\n\r\n<figure class=\"wp-block-image size-large\"><img decoding=\"async\" class=\"wp-image-493\" src=\"http:\/\/stadtteilgespraech-roderbruch.de\/homepage\/wp-content\/uploads\/2020\/02\/StG-Gruppe-1-1024x544.jpg\" alt=\"\" \/><\/figure>\r\n\r\n\r\n\r\n<p class=\"wp-block-paragraph\">Das Stadtteilgespr\u00e4ch Roderbruch e.V. ist ein Verein, der die haupt- und ehrenamtlich Engagierten im Stadtteil zu monatlichen Treffen einl\u00e4dt. Diese Stadtteilgespr\u00e4che dienen der Vernetzung, dem Informationsaustausch, der gemeinsamen Planung von Veranstaltungen und Projekten, sowie der Entwicklung von L\u00f6sungsans\u00e4tzen bei Problemen im Quartier. Regelm\u00e4\u00dfig treffen sich rund 30 Akteure des Stadtteils. Vertreten sind kommunale Einrichtungen, Kirchen, Schulen, Kitas, Verein, Parteien, Polizei, Bautr\u00e4ger u.v.m.<\/p>\r\n\r\n\r\n\r\n\r\n\r\n<p class=\"wp-block-paragraph\">Die Stadtteilgespr\u00e4chsrunden finden in der Regel am 2. Donnerstag im Monat von <strong>16:00 Uhr &#8211; 18:00 Uhr <\/strong>an wechselnden Orten statt. (Siehe Termine)<\/p>\r\n\r\n\r\n\r\n\r\n\r\n\r\n\r\n\r\n\r\n\r\n\r\n<p><a href=\"https:\/\/stadtteilgespraech-roderbruch.de\/homepage\/wp-content\/uploads\/2020\/01\/StG-Geschichte-scaled.jpg\"><strong>Wie alles begann&#8230;<\/strong><\/a><\/p>\r\n","protected":false},"excerpt":{"rendered":"<p>Stadtteilgespr\u00e4ch Das Stadtteilgespr\u00e4ch Roderbruch e.V. ist ein Verein, der die haupt- und ehrenamtlich Engagierten im Stadtteil zu monatlichen Treffen einl\u00e4dt. Diese Stadtteilgespr\u00e4che dienen der Vernetzung, dem Informationsaustausch, der gemeinsamen Planung von Veranstaltungen und Projekten, sowie der Entwicklung von L\u00f6sungsans\u00e4tzen bei Problemen im Quartier. Regelm\u00e4\u00dfig treffen sich rund 30 Akteure des Stadtteils. Vertreten sind kommunale Einrichtungen, [&hellip;]<\/p>\n","protected":false},"author":1,"featured_media":0,"parent":0,"menu_order":0,"comment_status":"closed","ping_status":"open","template":"","meta":{"_bbp_topic_count":0,"_bbp_reply_count":0,"_bbp_total_topic_count":0,"_bbp_total_reply_count":0,"_bbp_voice_count":0,"_bbp_anonymous_reply_count":0,"_bbp_topic_count_hidden":0,"_bbp_reply_count_hidden":0,"_bbp_forum_subforum_count":0,"_crdt_document":"","footnotes":""},"class_list":["post-3","page","type-page","status-publish","hentry"],"jetpack_sharing_enabled":true,"_links":{"self":[{"href":"https:\/\/stadtteilgespraech-roderbruch.de\/homepage\/wp-json\/wp\/v2\/pages\/3","targetHints":{"allow":["GET"]}}],"collection":[{"href":"https:\/\/stadtteilgespraech-roderbruch.de\/homepage\/wp-json\/wp\/v2\/pages"}],"about":[{"href":"https:\/\/stadtteilgespraech-roderbruch.de\/homepage\/wp-json\/wp\/v2\/types\/page"}],"author":[{"embeddable":true,"href":"https:\/\/stadtteilgespraech-roderbruch.de\/homepage\/wp-json\/wp\/v2\/users\/1"}],"replies":[{"embeddable":true,"href":"https:\/\/stadtteilgespraech-roderbruch.de\/homepage\/wp-json\/wp\/v2\/comments?post=3"}],"version-history":[{"count":24,"href":"https:\/\/stadtteilgespraech-roderbruch.de\/homepage\/wp-json\/wp\/v2\/pages\/3\/revisions"}],"predecessor-version":[{"id":974,"href":"https:\/\/stadtteilgespraech-roderbruch.de\/homepage\/wp-json\/wp\/v2\/pages\/3\/revisions\/974"}],"wp:attachment":[{"href":"https:\/\/stadtteilgespraech-roderbruch.de\/homepage\/wp-json\/wp\/v2\/media?parent=3"}],"curies":[{"name":"wp","href":"https:\/\/api.w.org\/{rel}","templated":true}]}}