{"id":50,"date":"2020-01-17T21:51:56","date_gmt":"2020-01-17T20:51:56","guid":{"rendered":"http:\/\/stadtteilgespraech-roderbruch.de\/homepage\/?page_id=50"},"modified":"2024-09-10T13:22:28","modified_gmt":"2024-09-10T11:22:28","slug":"impressum","status":"publish","type":"page","link":"https:\/\/stadtteilgespraech-roderbruch.de\/homepage\/impressum\/","title":{"rendered":"Impressum"},"content":{"rendered":"\r\n<figure class=\"wp-block-table\">\r\n<table>\r\n<tbody>\r\n<tr>\r\n<td><strong>Satzungssitz<\/strong><\/td>\r\n<td>Hannover<\/td>\r\n<\/tr>\r\n<tr>\r\n<td><strong>Rechtsform<\/strong><\/td>\r\n<td>Eingetragener Verein<\/td>\r\n<\/tr>\r\n<tr>\r\n<td><strong>Adresse<\/strong><\/td>\r\n<td>Spielarkaden<br \/>Buchnerstr. 13b<br \/>30627 Hannover<\/td>\r\n<\/tr>\r\n<tr>\r\n<td><strong>Telefon<\/strong><\/td>\r\n<td>0511 579095<\/td>\r\n<\/tr>\r\n<tr>\r\n<td><strong>E-Mail-Adresse<\/strong><\/td>\r\n<td><a href=\"mailto:info@stadtteilgespraech-roderbruch.de\">info@stadtteilgespraech-roderbruch.de<\/a><\/td>\r\n<\/tr>\r\n<tr>\r\n<td><strong>Website<\/strong><\/td>\r\n<td>www.stadtteilgespraech-roderbruch.de<\/td>\r\n<\/tr>\r\n<tr>\r\n<td><strong>Registereintrag<\/strong><\/td>\r\n<td>AG Hannover, VR 6334<\/td>\r\n<\/tr>\r\n<tr>\r\n<td><strong>Gr\u00fcndungsjahr<\/strong><\/td>\r\n<td>1992<\/td>\r\n<\/tr>\r\n<tr>\r\n<td><strong>Gemeinn\u00fctzigkeit<\/strong><\/td>\r\n<td>F\u00f6rderung der internationalen Gesinnung, Toleranz auf allen Gebieten der Kultur, der V\u00f6lkerverst\u00e4ndigung und der Jugendhilfe<\/td>\r\n<\/tr>\r\n<tr>\r\n<td><strong>Datum und Finanzamt des letzten Steuerbescheides<\/strong><\/td>\r\n<td>Freistellungsbescheid des Finanzamtes Hannover-Nord vom 15.6.2020<\/td>\r\n<\/tr>\r\n<tr>\r\n<td><strong>Anerkennung<\/strong><\/td>\r\n<td>Anerkennung als Tr\u00e4ger der freien Kinder- und Jugendhilfe nach \u00a775 SGB VIII<\/td>\r\n<\/tr>\r\n<\/tbody>\r\n<\/table>\r\n<\/figure>\r\n\r\n\r\n\r\n<p class=\"wp-block-paragraph\">Verantwortlich f\u00fcr diese Seiten ist<\/p>\r\n\r\n\r\n\r\n<h3 class=\"wp-block-heading\">Der Vorstand des Stadtteilgespr\u00e4chs Roderbruch<\/h3>\r\n\r\n\r\n\r\n<h4 class=\"wp-block-heading\"><strong>Malte Teuber<\/strong><\/h4>\r\n<p>Soziale Arbeit im Spielpark Roderbruch<\/p>\r\n<p>malte.teuber@stadtteilgespraech-roderbruch.de<\/p>\r\n\r\n\r\n\r\n\r\n\r\n<p class=\"wp-block-paragraph\">&nbsp;<\/p>\r\n\r\n\r\n\r\n<h4 class=\"wp-block-heading\"><strong>Carmen Leith\u00e4user<\/strong><\/h4>\r\n<p>Wohnungsbauunternehmen Gundlach GmbH<\/p>\r\n<p>leithaeuser@gundlach-wohnen.de<\/p>\r\n\r\n\r\n\r\n\r\n\r\n<p class=\"wp-block-paragraph\">&nbsp;<\/p>\r\n\r\n\r\n\r\n<h4 class=\"wp-block-heading\">Antje Wetterich<\/h4>\r\n\r\n\r\n\r\n\r\n\r\n\r\n\r\n\r\n\r\n\r\n\r\n\r\n\r\n<h3 class=\"wp-block-heading\"><strong>Haftungsausschluss<\/strong><\/h3>\r\n\r\n\r\n\r\n<p class=\"wp-block-paragraph\">Die Webseite enth\u00e4lt sog. \u201eexterne Links\u201c (Verlinkungen) zu anderen Webseiten, auf deren Inhalt der Anbieter der Webseite keinen Einfluss hat. Aus diesem Grund kann der Anbieter f\u00fcr diese Inhalte auch keine Gew\u00e4hr \u00fcbernehmen. F\u00fcr die Inhalte und Richtigkeit der bereitgestellten Informationen ist der jeweilige Anbieter der verlinkten Webseite verantwortlich. Zum Zeitpunkt der Verlinkung waren keine Rechtsverst\u00f6\u00dfe erkennbar. Bei Bekanntwerden einer solchen Rechtsverletzung wird der Link umgehend entfernen.<\/p>\r\n\r\n\r\n\r\n<h3 class=\"wp-block-heading\"><strong>Beitrittserkl\u00e4rung<\/strong><\/h3>\r\n\r\n\r\n\r\n<p class=\"wp-block-paragraph\">Wenn Sie Mitglied werden wollen, f\u00fcllen Sie die <strong><a href=\"https:\/\/stadtteilgespraech-roderbruch.de\/homepage\/wp-content\/uploads\/2020\/01\/beitrittserklaerung.pdf\">Beitrittserkl\u00e4rung<\/a> <\/strong>aus und schicken Sie sie uns per Post zu.<\/p>\r\n\r\n\r\n\r\n<p class=\"wp-block-paragraph\">&nbsp;<\/p>\r\n\r\n\r\n\r\n<h3 class=\"wp-block-heading\"><strong>Satzung<\/strong><\/h3>\r\n\r\n\r\n\r\n<p class=\"wp-block-paragraph\">Unsere aktuelle <strong><a href=\"https:\/\/stadtteilgespraech-roderbruch.de\/homepage\/wp-content\/uploads\/2020\/01\/satzung.pdf\">Satzung<\/a><\/strong> finden Sie hier.<\/p>\r\n\r\n\r\n\r\n\r\n\r\n<p class=\"wp-block-paragraph\"><strong>Als anerkannter gemeinn\u00fctziger Verein d\u00fcrfen wir Zuwendungsbescheinigungen ausstellen.<\/strong><\/p>\r\n\r\n\r\n\r\n<h3 class=\"wp-block-heading\"><strong>Bankverbindung<\/strong><\/h3>\r\n\r\n\r\n\r\n<p class=\"wp-block-paragraph\">Sparkasse Hannover<br \/>IBAN: DE34 2505 0180 0000 2354 90<br \/>SPKHDE2HXXX<\/p>\r\n\r\n\r\n\r\n<h3 class=\"wp-block-heading\"><strong>Datenschutzerkl\u00e4rung<\/strong><\/h3>\r\n\r\n\r\n\r\n<p class=\"wp-block-paragraph\">Die <strong><a href=\"https:\/\/stadtteilgespraech-roderbruch.de\/homepage\/datenschutzerklaerung\/\">Datenschutzerkl\u00e4rung<\/a><\/strong> finden Sie hier.<\/p>\r\n","protected":false},"excerpt":{"rendered":"<p>Satzungssitz Hannover Rechtsform Eingetragener Verein Adresse SpielarkadenBuchnerstr. 13b30627 Hannover Telefon 0511 579095 E-Mail-Adresse info@stadtteilgespraech-roderbruch.de Website www.stadtteilgespraech-roderbruch.de Registereintrag AG Hannover, VR 6334 Gr\u00fcndungsjahr 1992 Gemeinn\u00fctzigkeit F\u00f6rderung der internationalen Gesinnung, Toleranz auf allen Gebieten der Kultur, der V\u00f6lkerverst\u00e4ndigung und der Jugendhilfe Datum und Finanzamt des letzten Steuerbescheides Freistellungsbescheid des Finanzamtes Hannover-Nord vom 15.6.2020 Anerkennung Anerkennung als Tr\u00e4ger [&hellip;]<\/p>\n","protected":false},"author":1,"featured_media":0,"parent":0,"menu_order":0,"comment_status":"closed","ping_status":"closed","template":"","meta":{"_bbp_topic_count":0,"_bbp_reply_count":0,"_bbp_total_topic_count":0,"_bbp_total_reply_count":0,"_bbp_voice_count":0,"_bbp_anonymous_reply_count":0,"_bbp_topic_count_hidden":0,"_bbp_reply_count_hidden":0,"_bbp_forum_subforum_count":0,"_crdt_document":"","footnotes":""},"class_list":["post-50","page","type-page","status-publish","hentry"],"jetpack_sharing_enabled":true,"_links":{"self":[{"href":"https:\/\/stadtteilgespraech-roderbruch.de\/homepage\/wp-json\/wp\/v2\/pages\/50","targetHints":{"allow":["GET"]}}],"collection":[{"href":"https:\/\/stadtteilgespraech-roderbruch.de\/homepage\/wp-json\/wp\/v2\/pages"}],"about":[{"href":"https:\/\/stadtteilgespraech-roderbruch.de\/homepage\/wp-json\/wp\/v2\/types\/page"}],"author":[{"embeddable":true,"href":"https:\/\/stadtteilgespraech-roderbruch.de\/homepage\/wp-json\/wp\/v2\/users\/1"}],"replies":[{"embeddable":true,"href":"https:\/\/stadtteilgespraech-roderbruch.de\/homepage\/wp-json\/wp\/v2\/comments?post=50"}],"version-history":[{"count":35,"href":"https:\/\/stadtteilgespraech-roderbruch.de\/homepage\/wp-json\/wp\/v2\/pages\/50\/revisions"}],"predecessor-version":[{"id":1041,"href":"https:\/\/stadtteilgespraech-roderbruch.de\/homepage\/wp-json\/wp\/v2\/pages\/50\/revisions\/1041"}],"wp:attachment":[{"href":"https:\/\/stadtteilgespraech-roderbruch.de\/homepage\/wp-json\/wp\/v2\/media?parent=50"}],"curies":[{"name":"wp","href":"https:\/\/api.w.org\/{rel}","templated":true}]}}