{"id":712,"date":"2021-04-11T17:20:07","date_gmt":"2021-04-11T15:20:07","guid":{"rendered":"https:\/\/stadtteilgespraech-roderbruch.de\/homepage\/?page_id=712"},"modified":"2024-11-04T11:22:03","modified_gmt":"2024-11-04T10:22:03","slug":"aktuelles","status":"publish","type":"page","link":"https:\/\/stadtteilgespraech-roderbruch.de\/homepage\/aktuelles\/","title":{"rendered":"Aktuelles"},"content":{"rendered":"<p><strong><a href=\"http:\/\/stadtteilgespraech-roderbruch.de\/homepage\/wp-content\/uploads\/2024\/11\/Arbeitsgruppen-2024.pdf\">Arbeitsgruppen 2024<\/a><img loading=\"lazy\" decoding=\"async\" class=\"alignnone size-medium wp-image-1049\" src=\"http:\/\/stadtteilgespraech-roderbruch.de\/homepage\/wp-content\/uploads\/2024\/11\/20240314_Arbeitsgruppen_Brainstorming-300x194.jpg\" alt=\"\" width=\"300\" height=\"194\" srcset=\"https:\/\/stadtteilgespraech-roderbruch.de\/homepage\/wp-content\/uploads\/2024\/11\/20240314_Arbeitsgruppen_Brainstorming-300x194.jpg 300w, https:\/\/stadtteilgespraech-roderbruch.de\/homepage\/wp-content\/uploads\/2024\/11\/20240314_Arbeitsgruppen_Brainstorming-1024x661.jpg 1024w, https:\/\/stadtteilgespraech-roderbruch.de\/homepage\/wp-content\/uploads\/2024\/11\/20240314_Arbeitsgruppen_Brainstorming-768x496.jpg 768w, https:\/\/stadtteilgespraech-roderbruch.de\/homepage\/wp-content\/uploads\/2024\/11\/20240314_Arbeitsgruppen_Brainstorming-1536x992.jpg 1536w, https:\/\/stadtteilgespraech-roderbruch.de\/homepage\/wp-content\/uploads\/2024\/11\/20240314_Arbeitsgruppen_Brainstorming-2048x1323.jpg 2048w, https:\/\/stadtteilgespraech-roderbruch.de\/homepage\/wp-content\/uploads\/2024\/11\/20240314_Arbeitsgruppen_Brainstorming-1200x775.jpg 1200w, https:\/\/stadtteilgespraech-roderbruch.de\/homepage\/wp-content\/uploads\/2024\/11\/20240314_Arbeitsgruppen_Brainstorming-1980x1279.jpg 1980w\" sizes=\"auto, (max-width: 300px) 100vw, 300px\" \/>Zur Erinnerung:<br \/>\naus den letzten Sitzungen des Stadtteilgespr\u00e4chs Roderbruch:<\/strong><\/p>\n<p>Diese Vorhaben-Liste wurde gemeinsam gesichtet und sortiert und<br \/>\nfolgende Arbeitsgruppen gebildet<\/p>\n<p><strong>\u2022 Gruppe \u201e\u00d6kologisch aktiv\u201c \/ Baumscheiben \/ Urban Gardening \u2013<\/strong><br \/>\nPetra Pfahl-Scholz<\/p>\n<p><strong>\u2022 Traktormobil und Weihnachtsmarkt \u2013<\/strong><br \/>\nAnn-Christin Kreuer<\/p>\n<p><strong>\u2022 Quartier st\u00e4rken \u2013<\/strong><br \/>\nKarl-Heinz Schnarre<\/p>\n<p><strong>\u2022 Reise durch den Roderbruch \u2013<\/strong><br \/>\nCarmen Leith\u00e4user &amp; Antje Wetterich<\/p>\n<p><strong>\u2022 Neue Wege mit der Demenz \u2013\u00a0 \u00a0 \u00a0 \u00a0 \u00a0 \u00a0 \u00a0 \u00a0 \u00a0 \u00a0 \u00a0 \u00a0 \u00a0 \u00a0 \u00a0 \u00a0 \u00a0 \u00a0 \u00a0 \u00a0 \u00a0 \u00a0 \u00a0 \u00a0 \u00a0 \u00a0<\/strong>Erika Gundlach-Schr\u00f6ter &amp; Horst\u00a0Merkel<\/p>\n<p><strong>\u2022 Flohmarkt \u2013 <\/strong><\/p>\n<p>Beim n\u00e4chsten STG soll es konkret besprochen und<br \/>\nbeschlossen werden. Idee: eine AG.<br \/>\nVorschlag f\u00fcr den Ort: Spielarkaden bei Carmen<\/p>\n<p><strong>Wer an der Mitarbeit in einer Gruppe interessiert ist, meldet sich bitte bei <\/strong><strong>den jeweiligen <\/strong><strong>AG-Leitern<\/strong><\/p>\n<p>Stand: 16.5.2024<\/p>\n<p style=\"text-align: center;\">\n<p style=\"text-align: left;\"><strong>Kleiderkammer Roderbruch<\/strong><\/p>\n<p style=\"text-align: left;\">Die Kleiderkammer nimmt gern Spenden jeden Dienstag zwischen 11 und 17 Uhr an. Ben\u00f6tigt wird immer:<\/p>\n<ul style=\"text-align: left;\">\n<li>Bekleidung und Schuhe f\u00fcr Kinder ab Gr\u00f6\u00dfe 56 bis 164<\/li>\n<li>Bettw\u00e4sche, Handt\u00fccher<\/li>\n<li>Ess- und Suppenteller, Wassergl\u00e4ser<\/li>\n<li>Elektrokleinger\u00e4te<\/li>\n<li>Gro\u00dfe T\u00f6pfe und Pfannen<\/li>\n<li>Bekleidung f\u00fcr Damen und Herren, bitte telefonisch vorher anfragen:<\/li>\n<\/ul>\n<p style=\"text-align: left;\"><strong>Kontakt<\/strong>: Erika Gundlach-Schr\u00f6ter, Tel. 0176-502 144 17, Bergith Franke: 0175-992 6305, H\u00fclya Feise gEMiDe e.V., Tel. 0178-826 30 32, info@gemide.org, Buchnerstr. 13<\/p>\n<p style=\"text-align: left;\"><span class=\"atwho-query\">gEMiDe: Verein zur F\u00f6rderung des gesellschaftlichen Engagements von Migrationen und Migranten und Deutschen<\/span><\/p>\n<p style=\"text-align: left;\">Kooperation mit: Gundlach Wohnungsunternehmen, stellt daf\u00fcr kostenfreie R\u00e4umlichkeiten<\/p>\n<p style=\"text-align: left;\">\n<p style=\"text-align: left;\"><strong><span class=\"atwho-query\">Sozialberatung &amp; Hartz IV<\/span><\/strong><\/p>\n<p style=\"text-align: left;\"><span class=\"atwho-query\">Sie haben Sorgen, die Sie alleine nicht l\u00f6sen k\u00f6nnen? Probleme mit der Miete? Sie verstehen den Brief vom Amt nicht? Sie haben Sorgen und Probleme und wissen nicht mehr weiter?<\/span><\/p>\n<p style=\"text-align: left;\"><span class=\"atwho-query\">Wir helfen Ihnen, egal ob Sie sich einfach nur einmal aussprechen m\u00f6chten oder konkrete Hilfeleistungen, zum Beispiel beim Umgang mit Beh\u00f6rden, ben\u00f6tigen.<\/span><\/p>\n<p style=\"text-align: left;\"><strong>Kontakt<\/strong>: Ester Fulst, Dietrich-Bonhoeffer-Kirche, Roderbruchmarkt 18, Tel. 0511-368 7197, \u00a0 \u00a0jeden Freitag 10-12 Uhr<\/p>\n","protected":false},"excerpt":{"rendered":"<p>Arbeitsgruppen 2024Zur Erinnerung: aus den letzten Sitzungen des Stadtteilgespr\u00e4chs Roderbruch: Diese Vorhaben-Liste wurde gemeinsam gesichtet und sortiert und folgende Arbeitsgruppen gebildet \u2022 Gruppe \u201e\u00d6kologisch aktiv\u201c \/ Baumscheiben \/ Urban Gardening \u2013 Petra Pfahl-Scholz \u2022 Traktormobil und Weihnachtsmarkt \u2013 Ann-Christin Kreuer \u2022 Quartier st\u00e4rken \u2013 Karl-Heinz Schnarre \u2022 Reise durch den Roderbruch \u2013 Carmen Leith\u00e4user &amp; [&hellip;]<\/p>\n","protected":false},"author":1,"featured_media":0,"parent":0,"menu_order":0,"comment_status":"closed","ping_status":"closed","template":"","meta":{"_bbp_topic_count":0,"_bbp_reply_count":0,"_bbp_total_topic_count":0,"_bbp_total_reply_count":0,"_bbp_voice_count":0,"_bbp_anonymous_reply_count":0,"_bbp_topic_count_hidden":0,"_bbp_reply_count_hidden":0,"_bbp_forum_subforum_count":0,"_crdt_document":"","footnotes":""},"class_list":["post-712","page","type-page","status-publish","hentry"],"jetpack_sharing_enabled":true,"_links":{"self":[{"href":"https:\/\/stadtteilgespraech-roderbruch.de\/homepage\/wp-json\/wp\/v2\/pages\/712","targetHints":{"allow":["GET"]}}],"collection":[{"href":"https:\/\/stadtteilgespraech-roderbruch.de\/homepage\/wp-json\/wp\/v2\/pages"}],"about":[{"href":"https:\/\/stadtteilgespraech-roderbruch.de\/homepage\/wp-json\/wp\/v2\/types\/page"}],"author":[{"embeddable":true,"href":"https:\/\/stadtteilgespraech-roderbruch.de\/homepage\/wp-json\/wp\/v2\/users\/1"}],"replies":[{"embeddable":true,"href":"https:\/\/stadtteilgespraech-roderbruch.de\/homepage\/wp-json\/wp\/v2\/comments?post=712"}],"version-history":[{"count":22,"href":"https:\/\/stadtteilgespraech-roderbruch.de\/homepage\/wp-json\/wp\/v2\/pages\/712\/revisions"}],"predecessor-version":[{"id":1054,"href":"https:\/\/stadtteilgespraech-roderbruch.de\/homepage\/wp-json\/wp\/v2\/pages\/712\/revisions\/1054"}],"wp:attachment":[{"href":"https:\/\/stadtteilgespraech-roderbruch.de\/homepage\/wp-json\/wp\/v2\/media?parent=712"}],"curies":[{"name":"wp","href":"https:\/\/api.w.org\/{rel}","templated":true}]}}