{"id":78,"date":"2019-12-12T13:18:35","date_gmt":"2019-12-12T12:18:35","guid":{"rendered":"http:\/\/stadtteilgespraech-roderbruch.de\/homepage\/?page_id=78"},"modified":"2024-02-27T10:27:22","modified_gmt":"2024-02-27T09:27:22","slug":"willkommen","status":"publish","type":"page","link":"https:\/\/stadtteilgespraech-roderbruch.de\/homepage\/","title":{"rendered":"Willkommen"},"content":{"rendered":"<!--Smart Slider #3 does NOT EXIST or has NO SLIDES!WordPress Shortcode-->\r\n<p>(Der alte Vorstand von links unten: Anke Pauselius, Carmen Leith\u00e4user, Barbara Wyborny.)<\/p>\r\n<p>Der neue Vorstand von links oben Antje Wetterich, (ganz unten Mitte) Carmen Leith\u00e4user und Malte Teuber<\/p>\r\n\r\n<p class=\"wp-block-paragraph\">Das Stadtteilgespr\u00e4ch Roderbruch e.V. ist ein Verein, der die haupt- und ehrenamtlich Engagierten im Stadtteil zu monatlichen Treffen einl\u00e4dt. Diese Stadtteilgespr\u00e4che dienen der Vernetzung, dem Informationsaustausch, der gemeinsamen Planung von Veranstaltungen und Projekten, sowie der Entwicklung von L\u00f6sungsans\u00e4tzen bei Problemen im Quartier. Regelm\u00e4\u00dfig treffen sich rund 30 Akteure des Stadtteils. Vertreten sind kommunale Einrichtungen, Kirchen, Schulen, Kitas, Verein, Parteien, Polizei, Bautr\u00e4ger u.v.m.<\/p>\r\n<p><a href=\"http:\/\/stadtteilgespraech-roderbruch.de\/homepage\/wp-content\/uploads\/2024\/02\/Jahresbericht-23.pdf\">Jahresbericht 23<\/a><\/p>\r\n\r\n\r\n\r\n\r\n\r\n<p><a href=\"https:\/\/www.canva.com\/design\/DAFaj3f-yqM\/79m84kxix5PNsHsyxEbQCw\/edit?utm_content=DAFaj3f-yqM&amp;utm_campaign=designshare&amp;utm_medium=link2&amp;utm_source=sharebutton\">Jahresbericht 2022<\/a><\/p>\r\n<p><a href=\"http:\/\/stadtteilgespraech-roderbruch.de\/homepage\/wp-content\/uploads\/2023\/09\/Jahresbericht-Stadtteilgespraech-Roderbruch-e.V.pdf\">Jahresbericht 2021<\/a><\/p>\r\n<p><a href=\"http:\/\/stadtteilgespraech-roderbruch.de\/homepage\/wp-content\/uploads\/2023\/09\/Jahresbericht2020.pdf\">Jahresbericht 2020<\/a><\/p>\r\n","protected":false},"excerpt":{"rendered":"<p>(Der alte Vorstand von links unten: Anke Pauselius, Carmen Leith\u00e4user, Barbara Wyborny.) Der neue Vorstand von links oben Antje Wetterich, (ganz unten Mitte) Carmen Leith\u00e4user und Malte Teuber Das Stadtteilgespr\u00e4ch Roderbruch e.V. ist ein Verein, der die haupt- und ehrenamtlich Engagierten im Stadtteil zu monatlichen Treffen einl\u00e4dt. Diese Stadtteilgespr\u00e4che dienen der Vernetzung, dem Informationsaustausch, der [&hellip;]<\/p>\n","protected":false},"author":2,"featured_media":1030,"parent":0,"menu_order":0,"comment_status":"closed","ping_status":"closed","template":"","meta":{"_bbp_topic_count":0,"_bbp_reply_count":0,"_bbp_total_topic_count":0,"_bbp_total_reply_count":0,"_bbp_voice_count":0,"_bbp_anonymous_reply_count":0,"_bbp_topic_count_hidden":0,"_bbp_reply_count_hidden":0,"_bbp_forum_subforum_count":0,"_crdt_document":"","footnotes":""},"class_list":["post-78","page","type-page","status-publish","has-post-thumbnail","hentry"],"jetpack_sharing_enabled":true,"_links":{"self":[{"href":"https:\/\/stadtteilgespraech-roderbruch.de\/homepage\/wp-json\/wp\/v2\/pages\/78","targetHints":{"allow":["GET"]}}],"collection":[{"href":"https:\/\/stadtteilgespraech-roderbruch.de\/homepage\/wp-json\/wp\/v2\/pages"}],"about":[{"href":"https:\/\/stadtteilgespraech-roderbruch.de\/homepage\/wp-json\/wp\/v2\/types\/page"}],"author":[{"embeddable":true,"href":"https:\/\/stadtteilgespraech-roderbruch.de\/homepage\/wp-json\/wp\/v2\/users\/2"}],"replies":[{"embeddable":true,"href":"https:\/\/stadtteilgespraech-roderbruch.de\/homepage\/wp-json\/wp\/v2\/comments?post=78"}],"version-history":[{"count":61,"href":"https:\/\/stadtteilgespraech-roderbruch.de\/homepage\/wp-json\/wp\/v2\/pages\/78\/revisions"}],"predecessor-version":[{"id":1034,"href":"https:\/\/stadtteilgespraech-roderbruch.de\/homepage\/wp-json\/wp\/v2\/pages\/78\/revisions\/1034"}],"wp:featuredmedia":[{"embeddable":true,"href":"https:\/\/stadtteilgespraech-roderbruch.de\/homepage\/wp-json\/wp\/v2\/media\/1030"}],"wp:attachment":[{"href":"https:\/\/stadtteilgespraech-roderbruch.de\/homepage\/wp-json\/wp\/v2\/media?parent=78"}],"curies":[{"name":"wp","href":"https:\/\/api.w.org\/{rel}","templated":true}]}}